{"id":51820,"date":"2022-03-09T16:02:38","date_gmt":"2022-03-09T16:02:38","guid":{"rendered":"https:\/\/lagofashionitaly.com\/a-propos\/"},"modified":"2022-03-28T12:43:58","modified_gmt":"2022-03-28T12:43:58","slug":"a-propos","status":"publish","type":"page","link":"https:\/\/quintincertifications.com\/fr\/a-propos\/","title":{"rendered":"\u00c0 PROPOS"},"content":{"rendered":"\t\t<div data-elementor-type=\"wp-page\" data-elementor-id=\"51820\" class=\"elementor elementor-51820 elementor-7617\" data-elementor-post-type=\"page\">\n\t\t\t\t\t\t<section class=\"elementor-section elementor-top-section elementor-element elementor-element-a1890ac elementor-section-boxed elementor-section-height-default elementor-section-height-default\" data-id=\"a1890ac\" data-element_type=\"section\">\n\t\t\t\t\t\t<div class=\"elementor-container elementor-column-gap-default\">\n\t\t\t\t\t<div class=\"elementor-column elementor-col-100 elementor-top-column elementor-element elementor-element-982f784\" data-id=\"982f784\" data-element_type=\"column\">\n\t\t\t<div class=\"elementor-widget-wrap elementor-element-populated\">\n\t\t\t\t\t\t<div class=\"elementor-element elementor-element-4f9f687 elementor-widget elementor-widget-spacer\" data-id=\"4f9f687\" data-element_type=\"widget\" data-widget_type=\"spacer.default\">\n\t\t\t\t<div class=\"elementor-widget-container\">\n\t\t\t\t\t\t\t<div class=\"elementor-spacer\">\n\t\t\t<div class=\"elementor-spacer-inner\"><\/div>\n\t\t<\/div>\n\t\t\t\t\t\t<\/div>\n\t\t\t\t<\/div>\n\t\t\t\t\t<\/div>\n\t\t<\/div>\n\t\t\t\t\t<\/div>\n\t\t<\/section>\n\t\t\t\t<section class=\"elementor-section elementor-top-section elementor-element elementor-element-35d8d24 elementor-section-full_width elementor-section-height-min-height elementor-section-items-stretch elementor-section-content-middle elementor-section-height-default\" data-id=\"35d8d24\" data-element_type=\"section\" data-settings=\"{&quot;background_background&quot;:&quot;classic&quot;}\">\n\t\t\t\t\t\t<div class=\"elementor-container elementor-column-gap-no\">\n\t\t\t\t\t<div class=\"elementor-column elementor-col-50 elementor-top-column elementor-element elementor-element-f196e15\" data-id=\"f196e15\" data-element_type=\"column\" data-settings=\"{&quot;background_background&quot;:&quot;slideshow&quot;,&quot;background_motion_fx_scale_effect&quot;:&quot;yes&quot;,&quot;background_slideshow_gallery&quot;:[{&quot;id&quot;:50387,&quot;url&quot;:&quot;http:\\\/\\\/quintincertifications.com\\\/wp-content\\\/uploads\\\/2022\\\/02\\\/quinti-certifications-accredited-laboratory-lr-9487-scaled.jpg&quot;},{&quot;id&quot;:50467,&quot;url&quot;:&quot;http:\\\/\\\/quintincertifications.com\\\/wp-content\\\/uploads\\\/2022\\\/02\\\/quinti-certifications-accredited-laboratory-lr-9509-scaled.jpg&quot;},{&quot;id&quot;:50372,&quot;url&quot;:&quot;http:\\\/\\\/quintincertifications.com\\\/wp-content\\\/uploads\\\/2022\\\/02\\\/quinti-certifications-accredited-laboratory-lr-9484-scaled.jpg&quot;},{&quot;id&quot;:50497,&quot;url&quot;:&quot;http:\\\/\\\/quintincertifications.com\\\/wp-content\\\/uploads\\\/2022\\\/02\\\/quinti-certifications-accredited-laboratory-lr-9515-scaled.jpg&quot;},{&quot;id&quot;:50617,&quot;url&quot;:&quot;http:\\\/\\\/quintincertifications.com\\\/wp-content\\\/uploads\\\/2022\\\/02\\\/quinti-certifications-accredited-laboratory-lr-9559-scaled.jpg&quot;},{&quot;id&quot;:50397,&quot;url&quot;:&quot;http:\\\/\\\/quintincertifications.com\\\/wp-content\\\/uploads\\\/2022\\\/02\\\/quinti-certifications-accredited-laboratory-lr-9489.jpg&quot;}],&quot;background_slideshow_transition_duration&quot;:1500,&quot;background_slideshow_ken_burns&quot;:&quot;yes&quot;,&quot;background_slideshow_loop&quot;:&quot;yes&quot;,&quot;background_slideshow_slide_duration&quot;:5000,&quot;background_slideshow_slide_transition&quot;:&quot;fade&quot;,&quot;background_slideshow_ken_burns_zoom_direction&quot;:&quot;in&quot;,&quot;background_motion_fx_scale_direction&quot;:&quot;out-in&quot;,&quot;background_motion_fx_scale_speed&quot;:{&quot;unit&quot;:&quot;px&quot;,&quot;size&quot;:4,&quot;sizes&quot;:[]},&quot;background_motion_fx_scale_range&quot;:{&quot;unit&quot;:&quot;%&quot;,&quot;size&quot;:&quot;&quot;,&quot;sizes&quot;:{&quot;start&quot;:20,&quot;end&quot;:80}},&quot;background_motion_fx_devices&quot;:[&quot;desktop&quot;,&quot;tablet&quot;,&quot;mobile&quot;]}\">\n\t\t\t<div class=\"elementor-widget-wrap elementor-element-populated\">\n\t\t\t\t\t\t<div class=\"elementor-element elementor-element-9f9ae0b elementor-widget elementor-widget-spacer\" data-id=\"9f9ae0b\" data-element_type=\"widget\" data-widget_type=\"spacer.default\">\n\t\t\t\t<div class=\"elementor-widget-container\">\n\t\t\t\t\t\t\t<div class=\"elementor-spacer\">\n\t\t\t<div class=\"elementor-spacer-inner\"><\/div>\n\t\t<\/div>\n\t\t\t\t\t\t<\/div>\n\t\t\t\t<\/div>\n\t\t\t\t\t<\/div>\n\t\t<\/div>\n\t\t\t\t<div class=\"elementor-column elementor-col-50 elementor-top-column elementor-element elementor-element-5c26986\" data-id=\"5c26986\" data-element_type=\"column\">\n\t\t\t<div class=\"elementor-widget-wrap elementor-element-populated\">\n\t\t\t\t\t\t<section class=\"elementor-section elementor-inner-section elementor-element elementor-element-1b8093b elementor-section-boxed elementor-section-height-default elementor-section-height-default\" data-id=\"1b8093b\" data-element_type=\"section\">\n\t\t\t\t\t\t<div class=\"elementor-container elementor-column-gap-wider\">\n\t\t\t\t\t<div class=\"elementor-column elementor-col-100 elementor-inner-column elementor-element elementor-element-43991e0\" data-id=\"43991e0\" data-element_type=\"column\">\n\t\t\t<div class=\"elementor-widget-wrap elementor-element-populated\">\n\t\t\t\t\t\t<div class=\"elementor-element elementor-element-249b45d elementor-widget elementor-widget-heading\" data-id=\"249b45d\" data-element_type=\"widget\" data-widget_type=\"heading.default\">\n\t\t\t\t<div class=\"elementor-widget-container\">\n\t\t\t\t\t<h5 class=\"elementor-heading-title elementor-size-default\">NOTRE HISTOIRE<\/h5>\t\t\t\t<\/div>\n\t\t\t\t<\/div>\n\t\t\t\t<div class=\"elementor-element elementor-element-bd2817c elementor-widget elementor-widget-heading\" data-id=\"bd2817c\" data-element_type=\"widget\" data-widget_type=\"heading.default\">\n\t\t\t\t<div class=\"elementor-widget-container\">\n\t\t\t\t\t<h3 class=\"elementor-heading-title elementor-size-default\">PASSION ET PROFESSIONALISME<\/h3>\t\t\t\t<\/div>\n\t\t\t\t<\/div>\n\t\t\t\t<div class=\"elementor-element elementor-element-5690d95 elementor-widget elementor-widget-spacer\" data-id=\"5690d95\" data-element_type=\"widget\" data-widget_type=\"spacer.default\">\n\t\t\t\t<div class=\"elementor-widget-container\">\n\t\t\t\t\t\t\t<div class=\"elementor-spacer\">\n\t\t\t<div class=\"elementor-spacer-inner\"><\/div>\n\t\t<\/div>\n\t\t\t\t\t\t<\/div>\n\t\t\t\t<\/div>\n\t\t\t\t<div class=\"elementor-element elementor-element-d4326d1 elementor-widget elementor-widget-text-editor\" data-id=\"d4326d1\" data-element_type=\"widget\" data-widget_type=\"text-editor.default\">\n\t\t\t\t<div class=\"elementor-widget-container\">\n\t\t\t\t\t\t\t\t\t<div>\n<p class=\"normal1\"><span lang=\"EN-US\">Situ\u00e9e en r\u00e9gion Rh\u00f4ne-Alpes en France, QUINTIN CERTIFICATIONS propose des prestations d&rsquo;essais m\u00e9caniques et de certification d&rsquo;\u00e9quipements de protection individuelle en tant qu&rsquo;organisme europ\u00e9en notifi\u00e9 CE 2927. <br><\/span><\/p>\n<p class=\"normal1\"><span lang=\"EN-US\">QUINTIN CERTIFICATIONS participe activement aux diff\u00e9rents comit\u00e9s europ\u00e9ens de normalisation des EPI.<\/span><\/p>\n<\/div>\t\t\t\t\t\t\t\t<\/div>\n\t\t\t\t<\/div>\n\t\t\t\t\t<\/div>\n\t\t<\/div>\n\t\t\t\t\t<\/div>\n\t\t<\/section>\n\t\t\t\t\t<\/div>\n\t\t<\/div>\n\t\t\t\t\t<\/div>\n\t\t<\/section>\n\t\t\t\t<section class=\"elementor-section elementor-top-section elementor-element elementor-element-5144170 elementor-section-full_width elementor-section-height-min-height elementor-section-items-stretch elementor-section-content-middle elementor-reverse-mobile elementor-section-height-default\" data-id=\"5144170\" data-element_type=\"section\" id=\"experience\" data-settings=\"{&quot;background_background&quot;:&quot;classic&quot;}\">\n\t\t\t\t\t\t<div class=\"elementor-container elementor-column-gap-no\">\n\t\t\t\t\t<div class=\"elementor-column elementor-col-50 elementor-top-column elementor-element elementor-element-9269b0a\" data-id=\"9269b0a\" data-element_type=\"column\">\n\t\t\t<div class=\"elementor-widget-wrap elementor-element-populated\">\n\t\t\t\t\t\t<section class=\"elementor-section elementor-inner-section elementor-element elementor-element-3e00cdf elementor-section-boxed elementor-section-height-default elementor-section-height-default\" data-id=\"3e00cdf\" data-element_type=\"section\">\n\t\t\t\t\t\t<div class=\"elementor-container elementor-column-gap-wider\">\n\t\t\t\t\t<div class=\"elementor-column elementor-col-100 elementor-inner-column elementor-element elementor-element-1ab31d6\" data-id=\"1ab31d6\" data-element_type=\"column\">\n\t\t\t<div class=\"elementor-widget-wrap elementor-element-populated\">\n\t\t\t\t\t\t<div class=\"elementor-element elementor-element-72beeea elementor-widget elementor-widget-heading\" data-id=\"72beeea\" data-element_type=\"widget\" data-widget_type=\"heading.default\">\n\t\t\t\t<div class=\"elementor-widget-container\">\n\t\t\t\t\t<h3 class=\"elementor-heading-title elementor-size-default\">QUINTIN CERTIFICATIONS<\/h3>\t\t\t\t<\/div>\n\t\t\t\t<\/div>\n\t\t\t\t<div class=\"elementor-element elementor-element-08d5f4b elementor-widget elementor-widget-text-editor\" data-id=\"08d5f4b\" data-element_type=\"widget\" data-widget_type=\"text-editor.default\">\n\t\t\t\t<div class=\"elementor-widget-container\">\n\t\t\t\t\t\t\t\t\t<div><p class=\"normal1\"><span lang=\"EN\">a \u00e9t\u00e9 cr\u00e9\u00e9 en mars 2019 \u00e0 Grenoble par Guillaume Quintin son g\u00e9rant. En d\u00e9cembre 2019, seulement 9 mois apr\u00e8s sa cr\u00e9ation, QUINTIN CERTIFICATIONS a \u00e9t\u00e9 accr\u00e9dit\u00e9 Cofrac ISO 17025 (port\u00e9e 1-1679 disponible sur <\/span><span lang=\"FR\"><a href=\"http:\/\/www.cofrac.fr\/\"><span lang=\"EN\">www.cofrac.fr<\/span><\/a> )<\/span> <span lang=\"EN\">pour les activit\u00e9s d&rsquo;essais en laboratoire sur les sites de fabrication.<\/span><\/p><\/div>\t\t\t\t\t\t\t\t<\/div>\n\t\t\t\t<\/div>\n\t\t\t\t<div class=\"elementor-element elementor-element-89c4009 elementor-widget elementor-widget-text-editor\" data-id=\"89c4009\" data-element_type=\"widget\" data-widget_type=\"text-editor.default\">\n\t\t\t\t<div class=\"elementor-widget-container\">\n\t\t\t\t\t\t\t\t\t<div><p class=\"normal1\"><span lang=\"EN\">Le mars 2020, QUINTIN CERTIFICATIONS a cr\u00e9\u00e9 son propre laboratoire d&rsquo;essais de 250 m\u00b2. <\/span><\/p><\/div>\t\t\t\t\t\t\t\t<\/div>\n\t\t\t\t<\/div>\n\t\t\t\t<div class=\"elementor-element elementor-element-d09f46d elementor-widget elementor-widget-text-editor\" data-id=\"d09f46d\" data-element_type=\"widget\" data-widget_type=\"text-editor.default\">\n\t\t\t\t<div class=\"elementor-widget-container\">\n\t\t\t\t\t\t\t\t\t<div><p class=\"normal1\"><span lang=\"EN\">Dans la continuit\u00e9 de son d\u00e9veloppement depuis sa cr\u00e9ation, fin janvier 2022, QUINTIN CERTIFICATION est notifi\u00e9 au niveau europ\u00e9en sous le num\u00e9ro CE 2927 pour les prestations de marquage CE sur les EPI (module B, C2 et D) selon le R\u00e8glement Europ\u00e9en UE 2016 \/425.<\/span><\/p><\/div>\t\t\t\t\t\t\t\t<\/div>\n\t\t\t\t<\/div>\n\t\t\t\t<div class=\"elementor-element elementor-element-4c14dbe elementor-widget elementor-widget-spacer\" data-id=\"4c14dbe\" data-element_type=\"widget\" data-widget_type=\"spacer.default\">\n\t\t\t\t<div class=\"elementor-widget-container\">\n\t\t\t\t\t\t\t<div class=\"elementor-spacer\">\n\t\t\t<div class=\"elementor-spacer-inner\"><\/div>\n\t\t<\/div>\n\t\t\t\t\t\t<\/div>\n\t\t\t\t<\/div>\n\t\t\t\t<div class=\"elementor-element elementor-element-5401435 elementor-widget elementor-widget-progress\" data-id=\"5401435\" data-element_type=\"widget\" data-widget_type=\"progress.default\">\n\t\t\t\t<div class=\"elementor-widget-container\">\n\t\t\t\t\t\t\t\t<span class=\"elementor-title\" id=\"elementor-progress-bar-5401435\">\n\t\t\t\tExp\u00e9rience - 15 ans\t\t\t<\/span>\n\t\t\n\t\t<div aria-labelledby=\"elementor-progress-bar-5401435\" class=\"elementor-progress-wrapper\" role=\"progressbar\" aria-valuemin=\"0\" aria-valuemax=\"100\" aria-valuenow=\"100\">\n\t\t\t<div class=\"elementor-progress-bar\" data-max=\"100\">\n\t\t\t\t<span class=\"elementor-progress-text\"><\/span>\n\t\t\t\t\t\t\t<\/div>\n\t\t<\/div>\n\t\t\t\t\t\t<\/div>\n\t\t\t\t<\/div>\n\t\t\t\t<div class=\"elementor-element elementor-element-304a4b7 elementor-widget elementor-widget-spacer\" data-id=\"304a4b7\" data-element_type=\"widget\" data-widget_type=\"spacer.default\">\n\t\t\t\t<div class=\"elementor-widget-container\">\n\t\t\t\t\t\t\t<div class=\"elementor-spacer\">\n\t\t\t<div class=\"elementor-spacer-inner\"><\/div>\n\t\t<\/div>\n\t\t\t\t\t\t<\/div>\n\t\t\t\t<\/div>\n\t\t\t\t\t<\/div>\n\t\t<\/div>\n\t\t\t\t\t<\/div>\n\t\t<\/section>\n\t\t\t\t\t<\/div>\n\t\t<\/div>\n\t\t\t\t<div class=\"elementor-column elementor-col-50 elementor-top-column elementor-element elementor-element-f9c763a\" data-id=\"f9c763a\" data-element_type=\"column\" data-settings=\"{&quot;background_background&quot;:&quot;classic&quot;,&quot;background_motion_fx_motion_fx_scrolling&quot;:&quot;yes&quot;,&quot;background_motion_fx_translateX_effect&quot;:&quot;yes&quot;,&quot;background_motion_fx_translateX_speed&quot;:{&quot;unit&quot;:&quot;px&quot;,&quot;size&quot;:4,&quot;sizes&quot;:[]},&quot;background_motion_fx_translateX_affectedRange&quot;:{&quot;unit&quot;:&quot;%&quot;,&quot;size&quot;:&quot;&quot;,&quot;sizes&quot;:{&quot;start&quot;:0,&quot;end&quot;:100}},&quot;background_motion_fx_devices&quot;:[&quot;desktop&quot;,&quot;tablet&quot;,&quot;mobile&quot;]}\">\n\t\t\t<div class=\"elementor-widget-wrap elementor-element-populated\">\n\t\t\t\t\t\t<div class=\"elementor-element elementor-element-3ccc9b9 elementor-widget elementor-widget-spacer\" data-id=\"3ccc9b9\" data-element_type=\"widget\" data-widget_type=\"spacer.default\">\n\t\t\t\t<div class=\"elementor-widget-container\">\n\t\t\t\t\t\t\t<div class=\"elementor-spacer\">\n\t\t\t<div class=\"elementor-spacer-inner\"><\/div>\n\t\t<\/div>\n\t\t\t\t\t\t<\/div>\n\t\t\t\t<\/div>\n\t\t\t\t\t<\/div>\n\t\t<\/div>\n\t\t\t\t\t<\/div>\n\t\t<\/section>\n\t\t\t\t<\/div>\n\t\t","protected":false},"excerpt":{"rendered":"<p>NOTRE HISTOIRE PASSION ET PROFESSIONALISME Situ\u00e9e en r\u00e9gion Rh\u00f4ne-Alpes en France, QUINTIN CERTIFICATIONS propose des prestations d&rsquo;essais m\u00e9caniques et de certification d&rsquo;\u00e9quipements de protection individuelle en tant qu&rsquo;organisme europ\u00e9en notifi\u00e9 CE 2927. QUINTIN CERTIFICATIONS participe activement aux diff\u00e9rents comit\u00e9s europ\u00e9ens de normalisation des EPI. QUINTIN CERTIFICATIONS a \u00e9t\u00e9 cr\u00e9\u00e9 en mars 2019 \u00e0 Grenoble par&hellip;<\/p>\n","protected":false},"author":1,"featured_media":0,"parent":0,"menu_order":2,"comment_status":"closed","ping_status":"closed","template":"elementor_header_footer","meta":{"footnotes":""},"class_list":["post-51820","page","type-page","status-publish","hentry"],"yoast_head":"<!-- This site is optimized with the Yoast SEO Premium plugin v19.4 (Yoast SEO v25.8) - https:\/\/yoast.com\/wordpress\/plugins\/seo\/ -->\n<title>\u00c0 PROPOS - QUINTIN CERTIFICATIONS - NOTIFIED BODY CE 2927<\/title>\n<meta name=\"robots\" content=\"index, follow, max-snippet:-1, max-image-preview:large, max-video-preview:-1\" \/>\n<link rel=\"canonical\" href=\"https:\/\/quintincertifications.com\/fr\/a-propos\/\" \/>\n<meta property=\"og:locale\" content=\"fr_FR\" \/>\n<meta property=\"og:type\" content=\"article\" \/>\n<meta property=\"og:title\" content=\"\u00c0 PROPOS\" \/>\n<meta property=\"og:description\" content=\"NOTRE HISTOIRE PASSION ET PROFESSIONALISME Situ\u00e9e en r\u00e9gion Rh\u00f4ne-Alpes en France, QUINTIN CERTIFICATIONS propose des prestations d&rsquo;essais m\u00e9caniques et de certification d&rsquo;\u00e9quipements de protection individuelle en tant qu&rsquo;organisme europ\u00e9en notifi\u00e9 CE 2927. QUINTIN CERTIFICATIONS participe activement aux diff\u00e9rents comit\u00e9s europ\u00e9ens de normalisation des EPI. QUINTIN CERTIFICATIONS a \u00e9t\u00e9 cr\u00e9\u00e9 en mars 2019 \u00e0 Grenoble par&hellip;\" \/>\n<meta property=\"og:url\" content=\"https:\/\/quintincertifications.com\/fr\/a-propos\/\" \/>\n<meta property=\"og:site_name\" content=\"QUINTIN CERTIFICATIONS - NOTIFIED BODY CE 2927\" \/>\n<meta property=\"article:publisher\" content=\"https:\/\/www.linkedin.com\/company\/14018832\" \/>\n<meta property=\"article:modified_time\" content=\"2022-03-28T12:43:58+00:00\" \/>\n<meta name=\"twitter:card\" content=\"summary_large_image\" \/>\n<meta name=\"twitter:label1\" content=\"Dur\u00e9e de lecture estim\u00e9e\" \/>\n\t<meta name=\"twitter:data1\" content=\"1 minute\" \/>\n<script type=\"application\/ld+json\" class=\"yoast-schema-graph\">{\"@context\":\"https:\/\/schema.org\",\"@graph\":[{\"@type\":\"WebPage\",\"@id\":\"https:\/\/quintincertifications.com\/fr\/a-propos\/\",\"url\":\"https:\/\/quintincertifications.com\/fr\/a-propos\/\",\"name\":\"\u00c0 PROPOS - QUINTIN CERTIFICATIONS - NOTIFIED BODY CE 2927\",\"isPartOf\":{\"@id\":\"https:\/\/quintincertifications.com\/fr\/#website\"},\"datePublished\":\"2022-03-09T16:02:38+00:00\",\"dateModified\":\"2022-03-28T12:43:58+00:00\",\"breadcrumb\":{\"@id\":\"https:\/\/quintincertifications.com\/fr\/a-propos\/#breadcrumb\"},\"inLanguage\":\"fr-FR\",\"potentialAction\":[{\"@type\":\"ReadAction\",\"target\":[\"https:\/\/quintincertifications.com\/fr\/a-propos\/\"]}]},{\"@type\":\"BreadcrumbList\",\"@id\":\"https:\/\/quintincertifications.com\/fr\/a-propos\/#breadcrumb\",\"itemListElement\":[{\"@type\":\"ListItem\",\"position\":1,\"name\":\"Home\",\"item\":\"https:\/\/quintincertifications.com\/fr\/\"},{\"@type\":\"ListItem\",\"position\":2,\"name\":\"\u00c0 PROPOS\"}]},{\"@type\":\"WebSite\",\"@id\":\"https:\/\/quintincertifications.com\/fr\/#website\",\"url\":\"https:\/\/quintincertifications.com\/fr\/\",\"name\":\"QUINTIN CERTIFICATIONS - NOTIFIED BODY CE 2927\",\"description\":\"PPE notified body and anchor devices certification.\",\"publisher\":{\"@id\":\"https:\/\/quintincertifications.com\/fr\/#organization\"},\"potentialAction\":[{\"@type\":\"SearchAction\",\"target\":{\"@type\":\"EntryPoint\",\"urlTemplate\":\"https:\/\/quintincertifications.com\/fr\/?s={search_term_string}\"},\"query-input\":{\"@type\":\"PropertyValueSpecification\",\"valueRequired\":true,\"valueName\":\"search_term_string\"}}],\"inLanguage\":\"fr-FR\"},{\"@type\":\"Organization\",\"@id\":\"https:\/\/quintincertifications.com\/fr\/#organization\",\"name\":\"Quintin Certifications\",\"url\":\"https:\/\/quintincertifications.com\/fr\/\",\"logo\":{\"@type\":\"ImageObject\",\"inLanguage\":\"fr-FR\",\"@id\":\"https:\/\/quintincertifications.com\/fr\/#\/schema\/logo\/image\/\",\"url\":\"http:\/\/quintincertifications.com\/wp-content\/uploads\/2022\/03\/logo-quintin-certifications-hd.png\",\"contentUrl\":\"http:\/\/quintincertifications.com\/wp-content\/uploads\/2022\/03\/logo-quintin-certifications-hd.png\",\"width\":114,\"height\":114,\"caption\":\"Quintin Certifications\"},\"image\":{\"@id\":\"https:\/\/quintincertifications.com\/fr\/#\/schema\/logo\/image\/\"},\"sameAs\":[\"https:\/\/www.linkedin.com\/company\/14018832\",\"https:\/\/www.youtube.com\/@quintincertificcations7133\"]}]}<\/script>\n<!-- \/ Yoast SEO Premium plugin. -->","yoast_head_json":{"title":"\u00c0 PROPOS - QUINTIN CERTIFICATIONS - NOTIFIED BODY CE 2927","robots":{"index":"index","follow":"follow","max-snippet":"max-snippet:-1","max-image-preview":"max-image-preview:large","max-video-preview":"max-video-preview:-1"},"canonical":"https:\/\/quintincertifications.com\/fr\/a-propos\/","og_locale":"fr_FR","og_type":"article","og_title":"\u00c0 PROPOS","og_description":"NOTRE HISTOIRE PASSION ET PROFESSIONALISME Situ\u00e9e en r\u00e9gion Rh\u00f4ne-Alpes en France, QUINTIN CERTIFICATIONS propose des prestations d&rsquo;essais m\u00e9caniques et de certification d&rsquo;\u00e9quipements de protection individuelle en tant qu&rsquo;organisme europ\u00e9en notifi\u00e9 CE 2927. QUINTIN CERTIFICATIONS participe activement aux diff\u00e9rents comit\u00e9s europ\u00e9ens de normalisation des EPI. QUINTIN CERTIFICATIONS a \u00e9t\u00e9 cr\u00e9\u00e9 en mars 2019 \u00e0 Grenoble par&hellip;","og_url":"https:\/\/quintincertifications.com\/fr\/a-propos\/","og_site_name":"QUINTIN CERTIFICATIONS - NOTIFIED BODY CE 2927","article_publisher":"https:\/\/www.linkedin.com\/company\/14018832","article_modified_time":"2022-03-28T12:43:58+00:00","twitter_card":"summary_large_image","twitter_misc":{"Dur\u00e9e de lecture estim\u00e9e":"1 minute"},"schema":{"@context":"https:\/\/schema.org","@graph":[{"@type":"WebPage","@id":"https:\/\/quintincertifications.com\/fr\/a-propos\/","url":"https:\/\/quintincertifications.com\/fr\/a-propos\/","name":"\u00c0 PROPOS - QUINTIN CERTIFICATIONS - NOTIFIED BODY CE 2927","isPartOf":{"@id":"https:\/\/quintincertifications.com\/fr\/#website"},"datePublished":"2022-03-09T16:02:38+00:00","dateModified":"2022-03-28T12:43:58+00:00","breadcrumb":{"@id":"https:\/\/quintincertifications.com\/fr\/a-propos\/#breadcrumb"},"inLanguage":"fr-FR","potentialAction":[{"@type":"ReadAction","target":["https:\/\/quintincertifications.com\/fr\/a-propos\/"]}]},{"@type":"BreadcrumbList","@id":"https:\/\/quintincertifications.com\/fr\/a-propos\/#breadcrumb","itemListElement":[{"@type":"ListItem","position":1,"name":"Home","item":"https:\/\/quintincertifications.com\/fr\/"},{"@type":"ListItem","position":2,"name":"\u00c0 PROPOS"}]},{"@type":"WebSite","@id":"https:\/\/quintincertifications.com\/fr\/#website","url":"https:\/\/quintincertifications.com\/fr\/","name":"QUINTIN CERTIFICATIONS - NOTIFIED BODY CE 2927","description":"PPE notified body and anchor devices certification.","publisher":{"@id":"https:\/\/quintincertifications.com\/fr\/#organization"},"potentialAction":[{"@type":"SearchAction","target":{"@type":"EntryPoint","urlTemplate":"https:\/\/quintincertifications.com\/fr\/?s={search_term_string}"},"query-input":{"@type":"PropertyValueSpecification","valueRequired":true,"valueName":"search_term_string"}}],"inLanguage":"fr-FR"},{"@type":"Organization","@id":"https:\/\/quintincertifications.com\/fr\/#organization","name":"Quintin Certifications","url":"https:\/\/quintincertifications.com\/fr\/","logo":{"@type":"ImageObject","inLanguage":"fr-FR","@id":"https:\/\/quintincertifications.com\/fr\/#\/schema\/logo\/image\/","url":"http:\/\/quintincertifications.com\/wp-content\/uploads\/2022\/03\/logo-quintin-certifications-hd.png","contentUrl":"http:\/\/quintincertifications.com\/wp-content\/uploads\/2022\/03\/logo-quintin-certifications-hd.png","width":114,"height":114,"caption":"Quintin Certifications"},"image":{"@id":"https:\/\/quintincertifications.com\/fr\/#\/schema\/logo\/image\/"},"sameAs":["https:\/\/www.linkedin.com\/company\/14018832","https:\/\/www.youtube.com\/@quintincertificcations7133"]}]}},"_links":{"self":[{"href":"https:\/\/quintincertifications.com\/fr\/wp-json\/wp\/v2\/pages\/51820","targetHints":{"allow":["GET"]}}],"collection":[{"href":"https:\/\/quintincertifications.com\/fr\/wp-json\/wp\/v2\/pages"}],"about":[{"href":"https:\/\/quintincertifications.com\/fr\/wp-json\/wp\/v2\/types\/page"}],"author":[{"embeddable":true,"href":"https:\/\/quintincertifications.com\/fr\/wp-json\/wp\/v2\/users\/1"}],"replies":[{"embeddable":true,"href":"https:\/\/quintincertifications.com\/fr\/wp-json\/wp\/v2\/comments?post=51820"}],"version-history":[{"count":22,"href":"https:\/\/quintincertifications.com\/fr\/wp-json\/wp\/v2\/pages\/51820\/revisions"}],"predecessor-version":[{"id":52434,"href":"https:\/\/quintincertifications.com\/fr\/wp-json\/wp\/v2\/pages\/51820\/revisions\/52434"}],"wp:attachment":[{"href":"https:\/\/quintincertifications.com\/fr\/wp-json\/wp\/v2\/media?parent=51820"}],"curies":[{"name":"wp","href":"https:\/\/api.w.org\/{rel}","templated":true}]}}