{"id":50013,"date":"2022-02-08T16:46:54","date_gmt":"2022-02-08T16:46:54","guid":{"rendered":"https:\/\/lagofashionitaly.com\/contacts\/"},"modified":"2023-03-24T15:40:47","modified_gmt":"2023-03-24T15:40:47","slug":"contacts","status":"publish","type":"page","link":"https:\/\/quintincertifications.com\/fr\/contacts\/","title":{"rendered":"CONTACTS"},"content":{"rendered":"\t\t<div data-elementor-type=\"wp-page\" data-elementor-id=\"50013\" class=\"elementor elementor-50013 elementor-7459\" data-elementor-post-type=\"page\">\n\t\t\t\t\t\t<section class=\"elementor-section elementor-top-section elementor-element elementor-element-a9b889f elementor-section-boxed elementor-section-height-default elementor-section-height-default\" data-id=\"a9b889f\" data-element_type=\"section\">\n\t\t\t\t\t\t<div class=\"elementor-container elementor-column-gap-wider\">\n\t\t\t\t\t<div class=\"elementor-column elementor-col-50 elementor-top-column elementor-element elementor-element-eab6619\" data-id=\"eab6619\" data-element_type=\"column\">\n\t\t\t<div class=\"elementor-widget-wrap elementor-element-populated\">\n\t\t\t\t\t\t<div class=\"elementor-element elementor-element-7c36cc7 elementor-widget elementor-widget-heading\" data-id=\"7c36cc7\" data-element_type=\"widget\" data-widget_type=\"heading.default\">\n\t\t\t\t<div class=\"elementor-widget-container\">\n\t\t\t\t\t<h5 class=\"elementor-heading-title elementor-size-default\">Des questions? Appelez-nous !<\/h5>\t\t\t\t<\/div>\n\t\t\t\t<\/div>\n\t\t\t\t<div class=\"elementor-element elementor-element-cc2ed32 elementor-widget elementor-widget-heading\" data-id=\"cc2ed32\" data-element_type=\"widget\" data-widget_type=\"heading.default\">\n\t\t\t\t<div class=\"elementor-widget-container\">\n\t\t\t\t\t<h4 class=\"elementor-heading-title elementor-size-default\">+33 7 66 29 39 28<\/h4>\t\t\t\t<\/div>\n\t\t\t\t<\/div>\n\t\t\t\t<div class=\"elementor-element elementor-element-5551f8d elementor-widget elementor-widget-text-editor\" data-id=\"5551f8d\" data-element_type=\"widget\" data-widget_type=\"text-editor.default\">\n\t\t\t\t<div class=\"elementor-widget-container\">\n\t\t\t\t\t\t\t\t\t<p>Du lundi au vendredi de 8h00 \u00e0 19h00<\/p>\n\t\t\t\t\t\t\t\t<\/div>\n\t\t\t\t<\/div>\n\t\t\t\t<div class=\"elementor-element elementor-element-fcab42b elementor-widget elementor-widget-spacer\" data-id=\"fcab42b\" data-element_type=\"widget\" data-widget_type=\"spacer.default\">\n\t\t\t\t<div class=\"elementor-widget-container\">\n\t\t\t\t\t\t\t<div class=\"elementor-spacer\">\n\t\t\t<div class=\"elementor-spacer-inner\"><\/div>\n\t\t<\/div>\n\t\t\t\t\t\t<\/div>\n\t\t\t\t<\/div>\n\t\t\t\t<div class=\"elementor-element elementor-element-3838332 elementor-widget elementor-widget-heading\" data-id=\"3838332\" data-element_type=\"widget\" data-widget_type=\"heading.default\">\n\t\t\t\t<div class=\"elementor-widget-container\">\n\t\t\t\t\t<h5 class=\"elementor-heading-title elementor-size-default\">Service client<\/h5>\t\t\t\t<\/div>\n\t\t\t\t<\/div>\n\t\t\t\t<div class=\"elementor-element elementor-element-5b8f5a6 elementor-widget elementor-widget-heading\" data-id=\"5b8f5a6\" data-element_type=\"widget\" data-widget_type=\"heading.default\">\n\t\t\t\t<div class=\"elementor-widget-container\">\n\t\t\t\t\t<h4 class=\"elementor-heading-title elementor-size-default\">info@<\/h4>\t\t\t\t<\/div>\n\t\t\t\t<\/div>\n\t\t\t\t<div class=\"elementor-element elementor-element-0c1e69d elementor-widget elementor-widget-text-editor\" data-id=\"0c1e69d\" data-element_type=\"widget\" data-widget_type=\"text-editor.default\">\n\t\t\t\t<div class=\"elementor-widget-container\">\n\t\t\t\t\t\t\t\t\t<p>Avez-vous des questions?<br \/>Envoyez-nous un e-mail et nous vous r\u00e9pondrons dans les plus brefs d\u00e9lais.<\/p>\n\t\t\t\t\t\t\t\t<\/div>\n\t\t\t\t<\/div>\n\t\t\t\t<div class=\"elementor-element elementor-element-eccc2eb elementor-widget elementor-widget-spacer\" data-id=\"eccc2eb\" data-element_type=\"widget\" data-widget_type=\"spacer.default\">\n\t\t\t\t<div class=\"elementor-widget-container\">\n\t\t\t\t\t\t\t<div class=\"elementor-spacer\">\n\t\t\t<div class=\"elementor-spacer-inner\"><\/div>\n\t\t<\/div>\n\t\t\t\t\t\t<\/div>\n\t\t\t\t<\/div>\n\t\t\t\t<div class=\"elementor-element elementor-element-9a1222f elementor-widget elementor-widget-heading\" data-id=\"9a1222f\" data-element_type=\"widget\" data-widget_type=\"heading.default\">\n\t\t\t\t<div class=\"elementor-widget-container\">\n\t\t\t\t\t<h5 class=\"elementor-heading-title elementor-size-default\">Adresse principal du bureau<\/h5>\t\t\t\t<\/div>\n\t\t\t\t<\/div>\n\t\t\t\t<div class=\"elementor-element elementor-element-775604c elementor-widget elementor-widget-heading\" data-id=\"775604c\" data-element_type=\"widget\" data-widget_type=\"heading.default\">\n\t\t\t\t<div class=\"elementor-widget-container\">\n\t\t\t\t\t<h4 class=\"elementor-heading-title elementor-size-default\">825 route de Romans\n<br>38160 Saint-Antoine-l'Abbaye\n<br>France<\/h4>\t\t\t\t<\/div>\n\t\t\t\t<\/div>\n\t\t\t\t<div class=\"elementor-element elementor-element-e50aa6d elementor-widget elementor-widget-text-editor\" data-id=\"e50aa6d\" data-element_type=\"widget\" data-widget_type=\"text-editor.default\">\n\t\t\t\t<div class=\"elementor-widget-container\">\n\t\t\t\t\t\t\t\t\t<p>Adresse de correspondance. Veuillez nous appeler avant votre visite.<\/p>\n\t\t\t\t\t\t\t\t<\/div>\n\t\t\t\t<\/div>\n\t\t\t\t<div class=\"elementor-element elementor-element-6aed76e elementor-widget elementor-widget-spacer\" data-id=\"6aed76e\" data-element_type=\"widget\" data-widget_type=\"spacer.default\">\n\t\t\t\t<div class=\"elementor-widget-container\">\n\t\t\t\t\t\t\t<div class=\"elementor-spacer\">\n\t\t\t<div class=\"elementor-spacer-inner\"><\/div>\n\t\t<\/div>\n\t\t\t\t\t\t<\/div>\n\t\t\t\t<\/div>\n\t\t\t\t<div class=\"elementor-element elementor-element-cc8d768 e-grid-align-left elementor-shape-circle elementor-grid-0 elementor-widget elementor-widget-social-icons\" data-id=\"cc8d768\" data-element_type=\"widget\" data-widget_type=\"social-icons.default\">\n\t\t\t\t<div class=\"elementor-widget-container\">\n\t\t\t\t\t\t\t<div class=\"elementor-social-icons-wrapper elementor-grid\" role=\"list\">\n\t\t\t\t\t\t\t<span class=\"elementor-grid-item\" role=\"listitem\">\n\t\t\t\t\t<a class=\"elementor-icon elementor-social-icon elementor-social-icon-linkedin elementor-repeater-item-05b08fb\" href=\"https:\/\/www.linkedin.com\/company\/14018832\" target=\"_blank\">\n\t\t\t\t\t\t<span class=\"elementor-screen-only\">Linkedin<\/span>\n\t\t\t\t\t\t<i class=\"fab fa-linkedin\"><\/i>\t\t\t\t\t<\/a>\n\t\t\t\t<\/span>\n\t\t\t\t\t\t\t<span class=\"elementor-grid-item\" role=\"listitem\">\n\t\t\t\t\t<a class=\"elementor-icon elementor-social-icon elementor-social-icon-facebook-f elementor-repeater-item-6d256e6\" href=\"https:\/\/www.facebook.com\/quintin.certifications\/\" target=\"_blank\">\n\t\t\t\t\t\t<span class=\"elementor-screen-only\">Facebook-f<\/span>\n\t\t\t\t\t\t<i class=\"fab fa-facebook-f\"><\/i>\t\t\t\t\t<\/a>\n\t\t\t\t<\/span>\n\t\t\t\t\t\t\t<span class=\"elementor-grid-item\" role=\"listitem\">\n\t\t\t\t\t<a class=\"elementor-icon elementor-social-icon elementor-social-icon-youtube elementor-repeater-item-2e3587f\" href=\"https:\/\/www.youtube.com\/channel\/UC1MV0mRLiGORexWTb_sLZDA\" target=\"_blank\">\n\t\t\t\t\t\t<span class=\"elementor-screen-only\">Youtube<\/span>\n\t\t\t\t\t\t<i class=\"fab fa-youtube\"><\/i>\t\t\t\t\t<\/a>\n\t\t\t\t<\/span>\n\t\t\t\t\t<\/div>\n\t\t\t\t\t\t<\/div>\n\t\t\t\t<\/div>\n\t\t\t\t\t<\/div>\n\t\t<\/div>\n\t\t\t\t<div class=\"elementor-column elementor-col-50 elementor-top-column elementor-element elementor-element-d60bd2e\" data-id=\"d60bd2e\" data-element_type=\"column\">\n\t\t\t<div class=\"elementor-widget-wrap elementor-element-populated\">\n\t\t\t\t\t\t<div class=\"elementor-element elementor-element-ca9ab7a elementor-widget elementor-widget-heading\" data-id=\"ca9ab7a\" data-element_type=\"widget\" data-widget_type=\"heading.default\">\n\t\t\t\t<div class=\"elementor-widget-container\">\n\t\t\t\t\t<h3 class=\"elementor-heading-title elementor-size-default\">Demandez nous. Nous sommes ici pour vous aider!<\/h3>\t\t\t\t<\/div>\n\t\t\t\t<\/div>\n\t\t\t\t<div class=\"elementor-element elementor-element-3a9e6c4 elementor-widget elementor-widget-spacer\" data-id=\"3a9e6c4\" data-element_type=\"widget\" data-widget_type=\"spacer.default\">\n\t\t\t\t<div class=\"elementor-widget-container\">\n\t\t\t\t\t\t\t<div class=\"elementor-spacer\">\n\t\t\t<div class=\"elementor-spacer-inner\"><\/div>\n\t\t<\/div>\n\t\t\t\t\t\t<\/div>\n\t\t\t\t<\/div>\n\t\t\t\t<div class=\"elementor-element elementor-element-3da10f9 elementor-button-align-start elementor-widget elementor-widget-form\" data-id=\"3da10f9\" data-element_type=\"widget\" data-settings=\"{&quot;step_next_label&quot;:&quot;Suivant&quot;,&quot;step_previous_label&quot;:&quot;Pr\\u00e9c\\u00e9dent&quot;,&quot;button_width&quot;:&quot;100&quot;,&quot;step_type&quot;:&quot;number_text&quot;,&quot;step_icon_shape&quot;:&quot;circle&quot;}\" data-widget_type=\"form.default\">\n\t\t\t\t<div class=\"elementor-widget-container\">\n\t\t\t\t\t\t\t<form class=\"elementor-form\" method=\"post\" name=\"Nuveaux module\" aria-label=\"Nuveaux module\">\n\t\t\t<input type=\"hidden\" name=\"post_id\" value=\"50013\"\/>\n\t\t\t<input type=\"hidden\" name=\"form_id\" value=\"3da10f9\"\/>\n\t\t\t<input type=\"hidden\" name=\"referer_title\" value=\"CONTACTS - QUINTIN CERTIFICATIONS - NOTIFIED BODY CE 2927\" \/>\n\n\t\t\t\t\t\t\t<input type=\"hidden\" name=\"queried_id\" value=\"50013\"\/>\n\t\t\t\n\t\t\t<div class=\"elementor-form-fields-wrapper elementor-labels-above\">\n\t\t\t\t\t\t\t\t<div class=\"elementor-field-type-text elementor-field-group elementor-column elementor-field-group-name elementor-col-50 elementor-md-50 elementor-field-required\">\n\t\t\t\t\t\t\t\t\t\t\t\t<label for=\"form-field-name\" class=\"elementor-field-label\">\n\t\t\t\t\t\t\t\tNom\t\t\t\t\t\t\t<\/label>\n\t\t\t\t\t\t\t\t\t\t\t\t\t\t<input size=\"1\" type=\"text\" name=\"form_fields[name]\" id=\"form-field-name\" class=\"elementor-field elementor-size-md  elementor-field-textual\" required=\"required\">\n\t\t\t\t\t\t\t\t\t\t\t<\/div>\n\t\t\t\t\t\t\t\t<div class=\"elementor-field-type-email elementor-field-group elementor-column elementor-field-group-email elementor-col-50 elementor-md-50 elementor-field-required\">\n\t\t\t\t\t\t\t\t\t\t\t\t<label for=\"form-field-email\" class=\"elementor-field-label\">\n\t\t\t\t\t\t\t\tE-mail\t\t\t\t\t\t\t<\/label>\n\t\t\t\t\t\t\t\t\t\t\t\t\t\t<input size=\"1\" type=\"email\" name=\"form_fields[email]\" id=\"form-field-email\" class=\"elementor-field elementor-size-md  elementor-field-textual\" required=\"required\">\n\t\t\t\t\t\t\t\t\t\t\t<\/div>\n\t\t\t\t\t\t\t\t<div class=\"elementor-field-type-textarea elementor-field-group elementor-column elementor-field-group-message elementor-col-100 elementor-field-required\">\n\t\t\t\t\t\t\t\t\t\t\t\t<label for=\"form-field-message\" class=\"elementor-field-label\">\n\t\t\t\t\t\t\t\tUn message\t\t\t\t\t\t\t<\/label>\n\t\t\t\t\t\t<textarea class=\"elementor-field-textual elementor-field  elementor-size-md\" name=\"form_fields[message]\" id=\"form-field-message\" rows=\"8\" required=\"required\"><\/textarea>\t\t\t\t<\/div>\n\t\t\t\t\t\t\t\t<div class=\"elementor-field-type-acceptance elementor-field-group elementor-column elementor-field-group-field_f91be55 elementor-col-100 elementor-field-required\">\n\t\t\t\t\t\t\t<div class=\"elementor-field-subgroup\">\n\t\t\t<span class=\"elementor-field-option\">\n\t\t\t\t<input type=\"checkbox\" name=\"form_fields[field_f91be55]\" id=\"form-field-field_f91be55\" class=\"elementor-field elementor-size-md  elementor-acceptance-field\" required=\"required\">\n\t\t\t\t<label for=\"form-field-field_f91be55\">J'autorise le traitement de mes donn\u00e9es personnelles.<\/label>\t\t\t<\/span>\n\t\t<\/div>\n\t\t\t\t\t\t<\/div>\n\t\t\t\t\t\t\t\t<div class=\"elementor-field-group elementor-column elementor-field-type-submit elementor-col-100 e-form__buttons\">\n\t\t\t\t\t<button class=\"elementor-button elementor-size-md\" type=\"submit\">\n\t\t\t\t\t\t<span class=\"elementor-button-content-wrapper\">\n\t\t\t\t\t\t\t\t\t\t\t\t\t\t\t\t\t\t\t\t\t\t<span class=\"elementor-button-text\">Envoyer le message<\/span>\n\t\t\t\t\t\t\t\t\t\t\t\t\t<\/span>\n\t\t\t\t\t<\/button>\n\t\t\t\t<\/div>\n\t\t\t<\/div>\n\t\t<\/form>\n\t\t\t\t\t\t<\/div>\n\t\t\t\t<\/div>\n\t\t\t\t<div class=\"elementor-element elementor-element-782bdd6 elementor-widget elementor-widget-spacer\" data-id=\"782bdd6\" data-element_type=\"widget\" data-widget_type=\"spacer.default\">\n\t\t\t\t<div class=\"elementor-widget-container\">\n\t\t\t\t\t\t\t<div class=\"elementor-spacer\">\n\t\t\t<div class=\"elementor-spacer-inner\"><\/div>\n\t\t<\/div>\n\t\t\t\t\t\t<\/div>\n\t\t\t\t<\/div>\n\t\t\t\t<div class=\"elementor-element elementor-element-27fa47c elementor-widget elementor-widget-heading\" data-id=\"27fa47c\" data-element_type=\"widget\" data-widget_type=\"heading.default\">\n\t\t\t\t<div class=\"elementor-widget-container\">\n\t\t\t\t\t<h3 class=\"elementor-heading-title elementor-size-default\">Venez nous rendre visite !<\/h3>\t\t\t\t<\/div>\n\t\t\t\t<\/div>\n\t\t\t\t<div class=\"elementor-element elementor-element-682de46 elementor-widget elementor-widget-spacer\" data-id=\"682de46\" data-element_type=\"widget\" data-widget_type=\"spacer.default\">\n\t\t\t\t<div class=\"elementor-widget-container\">\n\t\t\t\t\t\t\t<div class=\"elementor-spacer\">\n\t\t\t<div class=\"elementor-spacer-inner\"><\/div>\n\t\t<\/div>\n\t\t\t\t\t\t<\/div>\n\t\t\t\t<\/div>\n\t\t\t\t\t<\/div>\n\t\t<\/div>\n\t\t\t\t\t<\/div>\n\t\t<\/section>\n\t\t\t\t<section class=\"elementor-section elementor-top-section elementor-element elementor-element-6b52e3a elementor-section-full_width elementor-section-stretched elementor-section-height-default elementor-section-height-default\" data-id=\"6b52e3a\" data-element_type=\"section\" data-settings=\"{&quot;stretch_section&quot;:&quot;section-stretched&quot;}\">\n\t\t\t\t\t\t<div class=\"elementor-container elementor-column-gap-default\">\n\t\t\t\t\t<div class=\"elementor-column elementor-col-100 elementor-top-column elementor-element elementor-element-5cffc03\" data-id=\"5cffc03\" data-element_type=\"column\">\n\t\t\t<div class=\"elementor-widget-wrap elementor-element-populated\">\n\t\t\t\t\t\t<div class=\"elementor-element elementor-element-93b8471 elementor-widget elementor-widget-google_maps\" data-id=\"93b8471\" data-element_type=\"widget\" data-widget_type=\"google_maps.default\">\n\t\t\t\t<div class=\"elementor-widget-container\">\n\t\t\t\t\t\t\t<div class=\"elementor-custom-embed\">\n\t\t\t<iframe loading=\"lazy\"\n\t\t\t\t\tsrc=\"https:\/\/www.google.com\/maps\/embed\/v1\/place?key=AIzaSyBHXzmjp311xBKd5vGSFte8j7xezmcj0C4&#038;q=825%20route%20de%20Romans%2C%2038160%20Saint-Antoine-l%27Abbaye%2C%20Francia&#038;zoom=10\"\n\t\t\t\t\ttitle=\"825 route de Romans, 38160 Saint-Antoine-l&#039;Abbaye, Francia\"\n\t\t\t\t\taria-label=\"825 route de Romans, 38160 Saint-Antoine-l&#039;Abbaye, Francia\"\n\t\t\t><\/iframe>\n\t\t<\/div>\n\t\t\t\t\t\t<\/div>\n\t\t\t\t<\/div>\n\t\t\t\t\t<\/div>\n\t\t<\/div>\n\t\t\t\t\t<\/div>\n\t\t<\/section>\n\t\t\t\t<\/div>\n\t\t","protected":false},"excerpt":{"rendered":"<p>Des questions? Appelez-nous ! +33 7 66 29 39 28 Du lundi au vendredi de 8h00 \u00e0 19h00 Service client info@ Avez-vous des questions?Envoyez-nous un e-mail et nous vous r\u00e9pondrons dans les plus brefs d\u00e9lais. Adresse principal du bureau 825 route de Romans 38160 Saint-Antoine-l&rsquo;Abbaye France Adresse de correspondance. Veuillez nous appeler avant votre visite.&hellip;<\/p>\n","protected":false},"author":1,"featured_media":0,"parent":0,"menu_order":3,"comment_status":"closed","ping_status":"closed","template":"elementor_header_footer","meta":{"footnotes":""},"class_list":["post-50013","page","type-page","status-publish","hentry"],"yoast_head":"<!-- This site is optimized with the Yoast SEO Premium plugin v19.4 (Yoast SEO v25.8) - https:\/\/yoast.com\/wordpress\/plugins\/seo\/ -->\n<title>CONTACTS - QUINTIN CERTIFICATIONS - NOTIFIED BODY CE 2927<\/title>\n<meta name=\"robots\" content=\"index, follow, max-snippet:-1, max-image-preview:large, max-video-preview:-1\" \/>\n<link rel=\"canonical\" href=\"https:\/\/quintincertifications.com\/fr\/contacts\/\" \/>\n<meta property=\"og:locale\" content=\"fr_FR\" \/>\n<meta property=\"og:type\" content=\"article\" \/>\n<meta property=\"og:title\" content=\"CONTACTS\" \/>\n<meta property=\"og:description\" content=\"Des questions? Appelez-nous ! +33 7 66 29 39 28 Du lundi au vendredi de 8h00 \u00e0 19h00 Service client info@ Avez-vous des questions?Envoyez-nous un e-mail et nous vous r\u00e9pondrons dans les plus brefs d\u00e9lais. Adresse principal du bureau 825 route de Romans 38160 Saint-Antoine-l&rsquo;Abbaye France Adresse de correspondance. Veuillez nous appeler avant votre visite.&hellip;\" \/>\n<meta property=\"og:url\" content=\"https:\/\/quintincertifications.com\/fr\/contacts\/\" \/>\n<meta property=\"og:site_name\" content=\"QUINTIN CERTIFICATIONS - NOTIFIED BODY CE 2927\" \/>\n<meta property=\"article:publisher\" content=\"https:\/\/www.linkedin.com\/company\/14018832\" \/>\n<meta property=\"article:modified_time\" content=\"2023-03-24T15:40:47+00:00\" \/>\n<meta name=\"twitter:card\" content=\"summary_large_image\" \/>\n<meta name=\"twitter:label1\" content=\"Dur\u00e9e de lecture estim\u00e9e\" \/>\n\t<meta name=\"twitter:data1\" content=\"1 minute\" \/>\n<script type=\"application\/ld+json\" class=\"yoast-schema-graph\">{\"@context\":\"https:\/\/schema.org\",\"@graph\":[{\"@type\":\"WebPage\",\"@id\":\"https:\/\/quintincertifications.com\/fr\/contacts\/\",\"url\":\"https:\/\/quintincertifications.com\/fr\/contacts\/\",\"name\":\"CONTACTS - QUINTIN CERTIFICATIONS - NOTIFIED BODY CE 2927\",\"isPartOf\":{\"@id\":\"https:\/\/quintincertifications.com\/fr\/#website\"},\"datePublished\":\"2022-02-08T16:46:54+00:00\",\"dateModified\":\"2023-03-24T15:40:47+00:00\",\"breadcrumb\":{\"@id\":\"https:\/\/quintincertifications.com\/fr\/contacts\/#breadcrumb\"},\"inLanguage\":\"fr-FR\",\"potentialAction\":[{\"@type\":\"ReadAction\",\"target\":[\"https:\/\/quintincertifications.com\/fr\/contacts\/\"]}]},{\"@type\":\"BreadcrumbList\",\"@id\":\"https:\/\/quintincertifications.com\/fr\/contacts\/#breadcrumb\",\"itemListElement\":[{\"@type\":\"ListItem\",\"position\":1,\"name\":\"Home\",\"item\":\"https:\/\/quintincertifications.com\/fr\/\"},{\"@type\":\"ListItem\",\"position\":2,\"name\":\"CONTACTS\"}]},{\"@type\":\"WebSite\",\"@id\":\"https:\/\/quintincertifications.com\/fr\/#website\",\"url\":\"https:\/\/quintincertifications.com\/fr\/\",\"name\":\"QUINTIN CERTIFICATIONS - NOTIFIED BODY CE 2927\",\"description\":\"PPE notified body and anchor devices certification.\",\"publisher\":{\"@id\":\"https:\/\/quintincertifications.com\/fr\/#organization\"},\"potentialAction\":[{\"@type\":\"SearchAction\",\"target\":{\"@type\":\"EntryPoint\",\"urlTemplate\":\"https:\/\/quintincertifications.com\/fr\/?s={search_term_string}\"},\"query-input\":{\"@type\":\"PropertyValueSpecification\",\"valueRequired\":true,\"valueName\":\"search_term_string\"}}],\"inLanguage\":\"fr-FR\"},{\"@type\":\"Organization\",\"@id\":\"https:\/\/quintincertifications.com\/fr\/#organization\",\"name\":\"Quintin Certifications\",\"url\":\"https:\/\/quintincertifications.com\/fr\/\",\"logo\":{\"@type\":\"ImageObject\",\"inLanguage\":\"fr-FR\",\"@id\":\"https:\/\/quintincertifications.com\/fr\/#\/schema\/logo\/image\/\",\"url\":\"http:\/\/quintincertifications.com\/wp-content\/uploads\/2022\/03\/logo-quintin-certifications-hd.png\",\"contentUrl\":\"http:\/\/quintincertifications.com\/wp-content\/uploads\/2022\/03\/logo-quintin-certifications-hd.png\",\"width\":114,\"height\":114,\"caption\":\"Quintin Certifications\"},\"image\":{\"@id\":\"https:\/\/quintincertifications.com\/fr\/#\/schema\/logo\/image\/\"},\"sameAs\":[\"https:\/\/www.linkedin.com\/company\/14018832\",\"https:\/\/www.youtube.com\/@quintincertificcations7133\"]}]}<\/script>\n<!-- \/ Yoast SEO Premium plugin. -->","yoast_head_json":{"title":"CONTACTS - QUINTIN CERTIFICATIONS - NOTIFIED BODY CE 2927","robots":{"index":"index","follow":"follow","max-snippet":"max-snippet:-1","max-image-preview":"max-image-preview:large","max-video-preview":"max-video-preview:-1"},"canonical":"https:\/\/quintincertifications.com\/fr\/contacts\/","og_locale":"fr_FR","og_type":"article","og_title":"CONTACTS","og_description":"Des questions? Appelez-nous ! +33 7 66 29 39 28 Du lundi au vendredi de 8h00 \u00e0 19h00 Service client info@ Avez-vous des questions?Envoyez-nous un e-mail et nous vous r\u00e9pondrons dans les plus brefs d\u00e9lais. Adresse principal du bureau 825 route de Romans 38160 Saint-Antoine-l&rsquo;Abbaye France Adresse de correspondance. Veuillez nous appeler avant votre visite.&hellip;","og_url":"https:\/\/quintincertifications.com\/fr\/contacts\/","og_site_name":"QUINTIN CERTIFICATIONS - NOTIFIED BODY CE 2927","article_publisher":"https:\/\/www.linkedin.com\/company\/14018832","article_modified_time":"2023-03-24T15:40:47+00:00","twitter_card":"summary_large_image","twitter_misc":{"Dur\u00e9e de lecture estim\u00e9e":"1 minute"},"schema":{"@context":"https:\/\/schema.org","@graph":[{"@type":"WebPage","@id":"https:\/\/quintincertifications.com\/fr\/contacts\/","url":"https:\/\/quintincertifications.com\/fr\/contacts\/","name":"CONTACTS - QUINTIN CERTIFICATIONS - NOTIFIED BODY CE 2927","isPartOf":{"@id":"https:\/\/quintincertifications.com\/fr\/#website"},"datePublished":"2022-02-08T16:46:54+00:00","dateModified":"2023-03-24T15:40:47+00:00","breadcrumb":{"@id":"https:\/\/quintincertifications.com\/fr\/contacts\/#breadcrumb"},"inLanguage":"fr-FR","potentialAction":[{"@type":"ReadAction","target":["https:\/\/quintincertifications.com\/fr\/contacts\/"]}]},{"@type":"BreadcrumbList","@id":"https:\/\/quintincertifications.com\/fr\/contacts\/#breadcrumb","itemListElement":[{"@type":"ListItem","position":1,"name":"Home","item":"https:\/\/quintincertifications.com\/fr\/"},{"@type":"ListItem","position":2,"name":"CONTACTS"}]},{"@type":"WebSite","@id":"https:\/\/quintincertifications.com\/fr\/#website","url":"https:\/\/quintincertifications.com\/fr\/","name":"QUINTIN CERTIFICATIONS - NOTIFIED BODY CE 2927","description":"PPE notified body and anchor devices certification.","publisher":{"@id":"https:\/\/quintincertifications.com\/fr\/#organization"},"potentialAction":[{"@type":"SearchAction","target":{"@type":"EntryPoint","urlTemplate":"https:\/\/quintincertifications.com\/fr\/?s={search_term_string}"},"query-input":{"@type":"PropertyValueSpecification","valueRequired":true,"valueName":"search_term_string"}}],"inLanguage":"fr-FR"},{"@type":"Organization","@id":"https:\/\/quintincertifications.com\/fr\/#organization","name":"Quintin Certifications","url":"https:\/\/quintincertifications.com\/fr\/","logo":{"@type":"ImageObject","inLanguage":"fr-FR","@id":"https:\/\/quintincertifications.com\/fr\/#\/schema\/logo\/image\/","url":"http:\/\/quintincertifications.com\/wp-content\/uploads\/2022\/03\/logo-quintin-certifications-hd.png","contentUrl":"http:\/\/quintincertifications.com\/wp-content\/uploads\/2022\/03\/logo-quintin-certifications-hd.png","width":114,"height":114,"caption":"Quintin Certifications"},"image":{"@id":"https:\/\/quintincertifications.com\/fr\/#\/schema\/logo\/image\/"},"sameAs":["https:\/\/www.linkedin.com\/company\/14018832","https:\/\/www.youtube.com\/@quintincertificcations7133"]}]}},"_links":{"self":[{"href":"https:\/\/quintincertifications.com\/fr\/wp-json\/wp\/v2\/pages\/50013","targetHints":{"allow":["GET"]}}],"collection":[{"href":"https:\/\/quintincertifications.com\/fr\/wp-json\/wp\/v2\/pages"}],"about":[{"href":"https:\/\/quintincertifications.com\/fr\/wp-json\/wp\/v2\/types\/page"}],"author":[{"embeddable":true,"href":"https:\/\/quintincertifications.com\/fr\/wp-json\/wp\/v2\/users\/1"}],"replies":[{"embeddable":true,"href":"https:\/\/quintincertifications.com\/fr\/wp-json\/wp\/v2\/comments?post=50013"}],"version-history":[{"count":24,"href":"https:\/\/quintincertifications.com\/fr\/wp-json\/wp\/v2\/pages\/50013\/revisions"}],"predecessor-version":[{"id":52848,"href":"https:\/\/quintincertifications.com\/fr\/wp-json\/wp\/v2\/pages\/50013\/revisions\/52848"}],"wp:attachment":[{"href":"https:\/\/quintincertifications.com\/fr\/wp-json\/wp\/v2\/media?parent=50013"}],"curies":[{"name":"wp","href":"https:\/\/api.w.org\/{rel}","templated":true}]}}