{"id":51862,"date":"2022-03-09T16:41:13","date_gmt":"2022-03-09T16:41:13","guid":{"rendered":"https:\/\/lagofashionitaly.com\/empresa\/"},"modified":"2023-03-24T08:25:42","modified_gmt":"2023-03-24T08:25:42","slug":"empresa","status":"publish","type":"page","link":"https:\/\/quintincertifications.com\/es\/empresa\/","title":{"rendered":"EMPRESA"},"content":{"rendered":"\t\t<div data-elementor-type=\"wp-page\" data-elementor-id=\"51862\" class=\"elementor elementor-51862 elementor-7617\" data-elementor-post-type=\"page\">\n\t\t\t\t\t\t<section class=\"elementor-section elementor-top-section elementor-element elementor-element-a1890ac elementor-section-boxed elementor-section-height-default elementor-section-height-default\" data-id=\"a1890ac\" data-element_type=\"section\">\n\t\t\t\t\t\t<div class=\"elementor-container elementor-column-gap-default\">\n\t\t\t\t\t<div class=\"elementor-column elementor-col-100 elementor-top-column elementor-element elementor-element-982f784\" data-id=\"982f784\" data-element_type=\"column\">\n\t\t\t<div class=\"elementor-widget-wrap elementor-element-populated\">\n\t\t\t\t\t\t<div class=\"elementor-element elementor-element-4f9f687 elementor-widget elementor-widget-spacer\" data-id=\"4f9f687\" data-element_type=\"widget\" data-widget_type=\"spacer.default\">\n\t\t\t\t<div class=\"elementor-widget-container\">\n\t\t\t\t\t\t\t<div class=\"elementor-spacer\">\n\t\t\t<div class=\"elementor-spacer-inner\"><\/div>\n\t\t<\/div>\n\t\t\t\t\t\t<\/div>\n\t\t\t\t<\/div>\n\t\t\t\t\t<\/div>\n\t\t<\/div>\n\t\t\t\t\t<\/div>\n\t\t<\/section>\n\t\t\t\t<section class=\"elementor-section elementor-top-section elementor-element elementor-element-35d8d24 elementor-section-full_width elementor-section-height-min-height elementor-section-items-stretch elementor-section-content-middle elementor-section-height-default\" data-id=\"35d8d24\" data-element_type=\"section\" data-settings=\"{&quot;background_background&quot;:&quot;classic&quot;}\">\n\t\t\t\t\t\t<div class=\"elementor-container elementor-column-gap-no\">\n\t\t\t\t\t<div class=\"elementor-column elementor-col-50 elementor-top-column elementor-element elementor-element-f196e15\" data-id=\"f196e15\" data-element_type=\"column\" data-settings=\"{&quot;background_background&quot;:&quot;slideshow&quot;,&quot;background_motion_fx_scale_effect&quot;:&quot;yes&quot;,&quot;background_slideshow_gallery&quot;:[{&quot;id&quot;:50385,&quot;url&quot;:&quot;http:\\\/\\\/quintincertifications.com\\\/wp-content\\\/uploads\\\/2022\\\/02\\\/quinti-certifications-accredited-laboratory-lr-9487-scaled.jpg&quot;},{&quot;id&quot;:50465,&quot;url&quot;:&quot;http:\\\/\\\/quintincertifications.com\\\/wp-content\\\/uploads\\\/2022\\\/02\\\/quinti-certifications-accredited-laboratory-lr-9509-scaled.jpg&quot;},{&quot;id&quot;:50370,&quot;url&quot;:&quot;http:\\\/\\\/quintincertifications.com\\\/wp-content\\\/uploads\\\/2022\\\/02\\\/quinti-certifications-accredited-laboratory-lr-9484-scaled.jpg&quot;},{&quot;id&quot;:50495,&quot;url&quot;:&quot;http:\\\/\\\/quintincertifications.com\\\/wp-content\\\/uploads\\\/2022\\\/02\\\/quinti-certifications-accredited-laboratory-lr-9515-scaled.jpg&quot;},{&quot;id&quot;:50615,&quot;url&quot;:&quot;http:\\\/\\\/quintincertifications.com\\\/wp-content\\\/uploads\\\/2022\\\/02\\\/quinti-certifications-accredited-laboratory-lr-9559-scaled.jpg&quot;},{&quot;id&quot;:50395,&quot;url&quot;:&quot;http:\\\/\\\/quintincertifications.com\\\/wp-content\\\/uploads\\\/2022\\\/02\\\/quinti-certifications-accredited-laboratory-lr-9489.jpg&quot;}],&quot;background_slideshow_transition_duration&quot;:1500,&quot;background_slideshow_ken_burns&quot;:&quot;yes&quot;,&quot;background_slideshow_loop&quot;:&quot;yes&quot;,&quot;background_slideshow_slide_duration&quot;:5000,&quot;background_slideshow_slide_transition&quot;:&quot;fade&quot;,&quot;background_slideshow_ken_burns_zoom_direction&quot;:&quot;in&quot;,&quot;background_motion_fx_scale_direction&quot;:&quot;out-in&quot;,&quot;background_motion_fx_scale_speed&quot;:{&quot;unit&quot;:&quot;px&quot;,&quot;size&quot;:4,&quot;sizes&quot;:[]},&quot;background_motion_fx_scale_range&quot;:{&quot;unit&quot;:&quot;%&quot;,&quot;size&quot;:&quot;&quot;,&quot;sizes&quot;:{&quot;start&quot;:20,&quot;end&quot;:80}},&quot;background_motion_fx_devices&quot;:[&quot;desktop&quot;,&quot;tablet&quot;,&quot;mobile&quot;]}\">\n\t\t\t<div class=\"elementor-widget-wrap elementor-element-populated\">\n\t\t\t\t\t\t<div class=\"elementor-element elementor-element-9f9ae0b elementor-widget elementor-widget-spacer\" data-id=\"9f9ae0b\" data-element_type=\"widget\" data-widget_type=\"spacer.default\">\n\t\t\t\t<div class=\"elementor-widget-container\">\n\t\t\t\t\t\t\t<div class=\"elementor-spacer\">\n\t\t\t<div class=\"elementor-spacer-inner\"><\/div>\n\t\t<\/div>\n\t\t\t\t\t\t<\/div>\n\t\t\t\t<\/div>\n\t\t\t\t\t<\/div>\n\t\t<\/div>\n\t\t\t\t<div class=\"elementor-column elementor-col-50 elementor-top-column elementor-element elementor-element-5c26986\" data-id=\"5c26986\" data-element_type=\"column\">\n\t\t\t<div class=\"elementor-widget-wrap elementor-element-populated\">\n\t\t\t\t\t\t<section class=\"elementor-section elementor-inner-section elementor-element elementor-element-1b8093b elementor-section-boxed elementor-section-height-default elementor-section-height-default\" data-id=\"1b8093b\" data-element_type=\"section\">\n\t\t\t\t\t\t<div class=\"elementor-container elementor-column-gap-wider\">\n\t\t\t\t\t<div class=\"elementor-column elementor-col-100 elementor-inner-column elementor-element elementor-element-43991e0\" data-id=\"43991e0\" data-element_type=\"column\">\n\t\t\t<div class=\"elementor-widget-wrap elementor-element-populated\">\n\t\t\t\t\t\t<div class=\"elementor-element elementor-element-249b45d elementor-widget elementor-widget-heading\" data-id=\"249b45d\" data-element_type=\"widget\" data-widget_type=\"heading.default\">\n\t\t\t\t<div class=\"elementor-widget-container\">\n\t\t\t\t\t<h5 class=\"elementor-heading-title elementor-size-default\">NUESTRA HISTORIA<\/h5>\t\t\t\t<\/div>\n\t\t\t\t<\/div>\n\t\t\t\t<div class=\"elementor-element elementor-element-bd2817c elementor-widget elementor-widget-heading\" data-id=\"bd2817c\" data-element_type=\"widget\" data-widget_type=\"heading.default\">\n\t\t\t\t<div class=\"elementor-widget-container\">\n\t\t\t\t\t<h3 class=\"elementor-heading-title elementor-size-default\">PASI\u00d3N PROFESIONALISMO<\/h3>\t\t\t\t<\/div>\n\t\t\t\t<\/div>\n\t\t\t\t<div class=\"elementor-element elementor-element-5690d95 elementor-widget elementor-widget-spacer\" data-id=\"5690d95\" data-element_type=\"widget\" data-widget_type=\"spacer.default\">\n\t\t\t\t<div class=\"elementor-widget-container\">\n\t\t\t\t\t\t\t<div class=\"elementor-spacer\">\n\t\t\t<div class=\"elementor-spacer-inner\"><\/div>\n\t\t<\/div>\n\t\t\t\t\t\t<\/div>\n\t\t\t\t<\/div>\n\t\t\t\t<div class=\"elementor-element elementor-element-d4326d1 elementor-widget elementor-widget-text-editor\" data-id=\"d4326d1\" data-element_type=\"widget\" data-widget_type=\"text-editor.default\">\n\t\t\t\t<div class=\"elementor-widget-container\">\n\t\t\t\t\t\t\t\t\t<div>\n<p class=\"normal1\"><span lang=\"EN-US\">Ubicada en la regi\u00f3n de Rh\u00f4ne-Alpes en Francia, QUINTIN CERTIFICATIONS ofrece servicios de certificaci\u00f3n y pruebas mec\u00e1nicas para equipos de protecci\u00f3n personal como organismo notificado europeo CE 2927. <br><\/span><\/p>\n<p class=\"normal1\"><span lang=\"EN-US\">QUINTIN CERTIFICATIONS participa activamente en varios comit\u00e9s europeos de normalizaci\u00f3n de EPI.<\/span><\/p>\n<\/div>\t\t\t\t\t\t\t\t<\/div>\n\t\t\t\t<\/div>\n\t\t\t\t\t<\/div>\n\t\t<\/div>\n\t\t\t\t\t<\/div>\n\t\t<\/section>\n\t\t\t\t\t<\/div>\n\t\t<\/div>\n\t\t\t\t\t<\/div>\n\t\t<\/section>\n\t\t\t\t<section class=\"elementor-section elementor-top-section elementor-element elementor-element-5144170 elementor-section-full_width elementor-section-height-min-height elementor-section-items-stretch elementor-section-content-middle elementor-reverse-mobile elementor-section-height-default\" data-id=\"5144170\" data-element_type=\"section\" id=\"experience\" data-settings=\"{&quot;background_background&quot;:&quot;classic&quot;}\">\n\t\t\t\t\t\t<div class=\"elementor-container elementor-column-gap-no\">\n\t\t\t\t\t<div class=\"elementor-column elementor-col-50 elementor-top-column elementor-element elementor-element-9269b0a\" data-id=\"9269b0a\" data-element_type=\"column\">\n\t\t\t<div class=\"elementor-widget-wrap elementor-element-populated\">\n\t\t\t\t\t\t<section class=\"elementor-section elementor-inner-section elementor-element elementor-element-3e00cdf elementor-section-boxed elementor-section-height-default elementor-section-height-default\" data-id=\"3e00cdf\" data-element_type=\"section\">\n\t\t\t\t\t\t<div class=\"elementor-container elementor-column-gap-wider\">\n\t\t\t\t\t<div class=\"elementor-column elementor-col-100 elementor-inner-column elementor-element elementor-element-1ab31d6\" data-id=\"1ab31d6\" data-element_type=\"column\">\n\t\t\t<div class=\"elementor-widget-wrap elementor-element-populated\">\n\t\t\t\t\t\t<div class=\"elementor-element elementor-element-72beeea elementor-widget elementor-widget-heading\" data-id=\"72beeea\" data-element_type=\"widget\" data-widget_type=\"heading.default\">\n\t\t\t\t<div class=\"elementor-widget-container\">\n\t\t\t\t\t<h3 class=\"elementor-heading-title elementor-size-default\">CERTIFICACIONES DE QUINTIN<\/h3>\t\t\t\t<\/div>\n\t\t\t\t<\/div>\n\t\t\t\t<div class=\"elementor-element elementor-element-08d5f4b elementor-widget elementor-widget-text-editor\" data-id=\"08d5f4b\" data-element_type=\"widget\" data-widget_type=\"text-editor.default\">\n\t\t\t\t<div class=\"elementor-widget-container\">\n\t\t\t\t\t\t\t\t\t<div>\n<p class=\"normal1\"><span lang=\"EN\">fue creada en marzo de 2019 en Grenoble por Guillaume Qiuntin su gerente. En diciembre de 2019, solo 9 meses despu\u00e9s de su creaci\u00f3n, QUINTIN CERTIFICATIONS obtuvo la acreditaci\u00f3n Cofrac ISO 17025 (alcance 1-1679 disponible en <\/span><span lang=\"FR\"><a href=\"http:\/\/www.cofrac.fr\/\"><span lang=\"EN\">www.cofrac.fr<\/span><\/a> )<\/span> <span lang=\"EN\">para actividades de pruebas de laboratorio en los sitios de fabricaci\u00f3n.<\/span><\/p>\n<\/div>\n\t\t\t\t\t\t\t\t<\/div>\n\t\t\t\t<\/div>\n\t\t\t\t<div class=\"elementor-element elementor-element-89c4009 elementor-widget elementor-widget-text-editor\" data-id=\"89c4009\" data-element_type=\"widget\" data-widget_type=\"text-editor.default\">\n\t\t\t\t<div class=\"elementor-widget-container\">\n\t\t\t\t\t\t\t\t\t<div>\n<p class=\"normal1\"><span lang=\"EN\">En marzo de 2020, QUINTIN CERTIFICATIONS cre\u00f3 su propio laboratorio de pruebas de 250 m\u00b2. <\/span><\/p>\n<\/div>\n\t\t\t\t\t\t\t\t<\/div>\n\t\t\t\t<\/div>\n\t\t\t\t<div class=\"elementor-element elementor-element-d09f46d elementor-widget elementor-widget-text-editor\" data-id=\"d09f46d\" data-element_type=\"widget\" data-widget_type=\"text-editor.default\">\n\t\t\t\t<div class=\"elementor-widget-container\">\n\t\t\t\t\t\t\t\t\t<div>\n<p class=\"normal1\"><span lang=\"EN\">En la continuidad de su desarrollo desde su creaci\u00f3n, a finales de enero de 2022, QUINTIN CERTIFICATION se notifica a nivel europeo bajo el n\u00famero CE 2927 para servicios de marcado CE en EPI (m\u00f3dulo B, C2 y D) seg\u00fan el Reglamento Europeo UE 2016 \/425.<\/span><\/p>\n<\/div>\n\t\t\t\t\t\t\t\t<\/div>\n\t\t\t\t<\/div>\n\t\t\t\t<div class=\"elementor-element elementor-element-4c14dbe elementor-widget elementor-widget-spacer\" data-id=\"4c14dbe\" data-element_type=\"widget\" data-widget_type=\"spacer.default\">\n\t\t\t\t<div class=\"elementor-widget-container\">\n\t\t\t\t\t\t\t<div class=\"elementor-spacer\">\n\t\t\t<div class=\"elementor-spacer-inner\"><\/div>\n\t\t<\/div>\n\t\t\t\t\t\t<\/div>\n\t\t\t\t<\/div>\n\t\t\t\t<div class=\"elementor-element elementor-element-5401435 elementor-widget elementor-widget-progress\" data-id=\"5401435\" data-element_type=\"widget\" data-widget_type=\"progress.default\">\n\t\t\t\t<div class=\"elementor-widget-container\">\n\t\t\t\t\t\t\t\t<span class=\"elementor-title\" id=\"elementor-progress-bar-5401435\">\n\t\t\t\tExperiencia - 15 a\u00f1os\t\t\t<\/span>\n\t\t\n\t\t<div aria-labelledby=\"elementor-progress-bar-5401435\" class=\"elementor-progress-wrapper\" role=\"progressbar\" aria-valuemin=\"0\" aria-valuemax=\"100\" aria-valuenow=\"100\">\n\t\t\t<div class=\"elementor-progress-bar\" data-max=\"100\">\n\t\t\t\t<span class=\"elementor-progress-text\"><\/span>\n\t\t\t\t\t\t\t<\/div>\n\t\t<\/div>\n\t\t\t\t\t\t<\/div>\n\t\t\t\t<\/div>\n\t\t\t\t<div class=\"elementor-element elementor-element-304a4b7 elementor-widget elementor-widget-spacer\" data-id=\"304a4b7\" data-element_type=\"widget\" data-widget_type=\"spacer.default\">\n\t\t\t\t<div class=\"elementor-widget-container\">\n\t\t\t\t\t\t\t<div class=\"elementor-spacer\">\n\t\t\t<div class=\"elementor-spacer-inner\"><\/div>\n\t\t<\/div>\n\t\t\t\t\t\t<\/div>\n\t\t\t\t<\/div>\n\t\t\t\t\t<\/div>\n\t\t<\/div>\n\t\t\t\t\t<\/div>\n\t\t<\/section>\n\t\t\t\t\t<\/div>\n\t\t<\/div>\n\t\t\t\t<div class=\"elementor-column elementor-col-50 elementor-top-column elementor-element elementor-element-f9c763a\" data-id=\"f9c763a\" data-element_type=\"column\" data-settings=\"{&quot;background_background&quot;:&quot;classic&quot;,&quot;background_motion_fx_motion_fx_scrolling&quot;:&quot;yes&quot;,&quot;background_motion_fx_translateX_effect&quot;:&quot;yes&quot;,&quot;background_motion_fx_translateX_speed&quot;:{&quot;unit&quot;:&quot;px&quot;,&quot;size&quot;:4,&quot;sizes&quot;:[]},&quot;background_motion_fx_translateX_affectedRange&quot;:{&quot;unit&quot;:&quot;%&quot;,&quot;size&quot;:&quot;&quot;,&quot;sizes&quot;:{&quot;start&quot;:0,&quot;end&quot;:100}},&quot;background_motion_fx_devices&quot;:[&quot;desktop&quot;,&quot;tablet&quot;,&quot;mobile&quot;]}\">\n\t\t\t<div class=\"elementor-widget-wrap elementor-element-populated\">\n\t\t\t\t\t\t<div class=\"elementor-element elementor-element-3ccc9b9 elementor-widget elementor-widget-spacer\" data-id=\"3ccc9b9\" data-element_type=\"widget\" data-widget_type=\"spacer.default\">\n\t\t\t\t<div class=\"elementor-widget-container\">\n\t\t\t\t\t\t\t<div class=\"elementor-spacer\">\n\t\t\t<div class=\"elementor-spacer-inner\"><\/div>\n\t\t<\/div>\n\t\t\t\t\t\t<\/div>\n\t\t\t\t<\/div>\n\t\t\t\t\t<\/div>\n\t\t<\/div>\n\t\t\t\t\t<\/div>\n\t\t<\/section>\n\t\t\t\t<\/div>\n\t\t","protected":false},"excerpt":{"rendered":"<p>NUESTRA HISTORIA PASI\u00d3N PROFESIONALISMO Ubicada en la regi\u00f3n de Rh\u00f4ne-Alpes en Francia, QUINTIN CERTIFICATIONS ofrece servicios de certificaci\u00f3n y pruebas mec\u00e1nicas para equipos de protecci\u00f3n personal como organismo notificado europeo CE 2927. QUINTIN CERTIFICATIONS participa activamente en varios comit\u00e9s europeos de normalizaci\u00f3n de EPI. CERTIFICACIONES DE QUINTIN fue creada en marzo de 2019 en Grenoble&hellip;<\/p>\n","protected":false},"author":1,"featured_media":0,"parent":0,"menu_order":2,"comment_status":"closed","ping_status":"closed","template":"elementor_header_footer","meta":{"footnotes":""},"class_list":["post-51862","page","type-page","status-publish","hentry"],"yoast_head":"<!-- This site is optimized with the Yoast SEO Premium plugin v19.4 (Yoast SEO v25.8) - https:\/\/yoast.com\/wordpress\/plugins\/seo\/ -->\n<title>EMPRESA - QUINTIN CERTIFICATIONS - NOTIFIED BODY CE 2927<\/title>\n<meta name=\"robots\" content=\"index, follow, max-snippet:-1, max-image-preview:large, max-video-preview:-1\" \/>\n<link rel=\"canonical\" href=\"https:\/\/quintincertifications.com\/es\/empresa\/\" \/>\n<meta property=\"og:locale\" content=\"es_ES\" \/>\n<meta property=\"og:type\" content=\"article\" \/>\n<meta property=\"og:title\" content=\"EMPRESA\" \/>\n<meta property=\"og:description\" content=\"NUESTRA HISTORIA PASI\u00d3N PROFESIONALISMO Ubicada en la regi\u00f3n de Rh\u00f4ne-Alpes en Francia, QUINTIN CERTIFICATIONS ofrece servicios de certificaci\u00f3n y pruebas mec\u00e1nicas para equipos de protecci\u00f3n personal como organismo notificado europeo CE 2927. QUINTIN CERTIFICATIONS participa activamente en varios comit\u00e9s europeos de normalizaci\u00f3n de EPI. CERTIFICACIONES DE QUINTIN fue creada en marzo de 2019 en Grenoble&hellip;\" \/>\n<meta property=\"og:url\" content=\"https:\/\/quintincertifications.com\/es\/empresa\/\" \/>\n<meta property=\"og:site_name\" content=\"QUINTIN CERTIFICATIONS - NOTIFIED BODY CE 2927\" \/>\n<meta property=\"article:publisher\" content=\"https:\/\/www.linkedin.com\/company\/14018832\" \/>\n<meta property=\"article:modified_time\" content=\"2023-03-24T08:25:42+00:00\" \/>\n<meta name=\"twitter:card\" content=\"summary_large_image\" \/>\n<meta name=\"twitter:label1\" content=\"Tiempo de lectura\" \/>\n\t<meta name=\"twitter:data1\" content=\"1 minuto\" \/>\n<script type=\"application\/ld+json\" class=\"yoast-schema-graph\">{\"@context\":\"https:\/\/schema.org\",\"@graph\":[{\"@type\":\"WebPage\",\"@id\":\"https:\/\/quintincertifications.com\/es\/empresa\/\",\"url\":\"https:\/\/quintincertifications.com\/es\/empresa\/\",\"name\":\"EMPRESA - QUINTIN CERTIFICATIONS - NOTIFIED BODY CE 2927\",\"isPartOf\":{\"@id\":\"https:\/\/quintincertifications.com\/es\/#website\"},\"datePublished\":\"2022-03-09T16:41:13+00:00\",\"dateModified\":\"2023-03-24T08:25:42+00:00\",\"breadcrumb\":{\"@id\":\"https:\/\/quintincertifications.com\/es\/empresa\/#breadcrumb\"},\"inLanguage\":\"es\",\"potentialAction\":[{\"@type\":\"ReadAction\",\"target\":[\"https:\/\/quintincertifications.com\/es\/empresa\/\"]}]},{\"@type\":\"BreadcrumbList\",\"@id\":\"https:\/\/quintincertifications.com\/es\/empresa\/#breadcrumb\",\"itemListElement\":[{\"@type\":\"ListItem\",\"position\":1,\"name\":\"Home\",\"item\":\"https:\/\/quintincertifications.com\/es\/\"},{\"@type\":\"ListItem\",\"position\":2,\"name\":\"EMPRESA\"}]},{\"@type\":\"WebSite\",\"@id\":\"https:\/\/quintincertifications.com\/es\/#website\",\"url\":\"https:\/\/quintincertifications.com\/es\/\",\"name\":\"QUINTIN CERTIFICATIONS - NOTIFIED BODY CE 2927\",\"description\":\"PPE notified body and anchor devices certification.\",\"publisher\":{\"@id\":\"https:\/\/quintincertifications.com\/es\/#organization\"},\"potentialAction\":[{\"@type\":\"SearchAction\",\"target\":{\"@type\":\"EntryPoint\",\"urlTemplate\":\"https:\/\/quintincertifications.com\/es\/?s={search_term_string}\"},\"query-input\":{\"@type\":\"PropertyValueSpecification\",\"valueRequired\":true,\"valueName\":\"search_term_string\"}}],\"inLanguage\":\"es\"},{\"@type\":\"Organization\",\"@id\":\"https:\/\/quintincertifications.com\/es\/#organization\",\"name\":\"Quintin Certifications\",\"url\":\"https:\/\/quintincertifications.com\/es\/\",\"logo\":{\"@type\":\"ImageObject\",\"inLanguage\":\"es\",\"@id\":\"https:\/\/quintincertifications.com\/es\/#\/schema\/logo\/image\/\",\"url\":\"http:\/\/quintincertifications.com\/wp-content\/uploads\/2022\/03\/logo-quintin-certifications-hd.png\",\"contentUrl\":\"http:\/\/quintincertifications.com\/wp-content\/uploads\/2022\/03\/logo-quintin-certifications-hd.png\",\"width\":114,\"height\":114,\"caption\":\"Quintin Certifications\"},\"image\":{\"@id\":\"https:\/\/quintincertifications.com\/es\/#\/schema\/logo\/image\/\"},\"sameAs\":[\"https:\/\/www.linkedin.com\/company\/14018832\",\"https:\/\/www.youtube.com\/@quintincertificcations7133\"]}]}<\/script>\n<!-- \/ Yoast SEO Premium plugin. -->","yoast_head_json":{"title":"EMPRESA - QUINTIN CERTIFICATIONS - NOTIFIED BODY CE 2927","robots":{"index":"index","follow":"follow","max-snippet":"max-snippet:-1","max-image-preview":"max-image-preview:large","max-video-preview":"max-video-preview:-1"},"canonical":"https:\/\/quintincertifications.com\/es\/empresa\/","og_locale":"es_ES","og_type":"article","og_title":"EMPRESA","og_description":"NUESTRA HISTORIA PASI\u00d3N PROFESIONALISMO Ubicada en la regi\u00f3n de Rh\u00f4ne-Alpes en Francia, QUINTIN CERTIFICATIONS ofrece servicios de certificaci\u00f3n y pruebas mec\u00e1nicas para equipos de protecci\u00f3n personal como organismo notificado europeo CE 2927. QUINTIN CERTIFICATIONS participa activamente en varios comit\u00e9s europeos de normalizaci\u00f3n de EPI. CERTIFICACIONES DE QUINTIN fue creada en marzo de 2019 en Grenoble&hellip;","og_url":"https:\/\/quintincertifications.com\/es\/empresa\/","og_site_name":"QUINTIN CERTIFICATIONS - NOTIFIED BODY CE 2927","article_publisher":"https:\/\/www.linkedin.com\/company\/14018832","article_modified_time":"2023-03-24T08:25:42+00:00","twitter_card":"summary_large_image","twitter_misc":{"Tiempo de lectura":"1 minuto"},"schema":{"@context":"https:\/\/schema.org","@graph":[{"@type":"WebPage","@id":"https:\/\/quintincertifications.com\/es\/empresa\/","url":"https:\/\/quintincertifications.com\/es\/empresa\/","name":"EMPRESA - QUINTIN CERTIFICATIONS - NOTIFIED BODY CE 2927","isPartOf":{"@id":"https:\/\/quintincertifications.com\/es\/#website"},"datePublished":"2022-03-09T16:41:13+00:00","dateModified":"2023-03-24T08:25:42+00:00","breadcrumb":{"@id":"https:\/\/quintincertifications.com\/es\/empresa\/#breadcrumb"},"inLanguage":"es","potentialAction":[{"@type":"ReadAction","target":["https:\/\/quintincertifications.com\/es\/empresa\/"]}]},{"@type":"BreadcrumbList","@id":"https:\/\/quintincertifications.com\/es\/empresa\/#breadcrumb","itemListElement":[{"@type":"ListItem","position":1,"name":"Home","item":"https:\/\/quintincertifications.com\/es\/"},{"@type":"ListItem","position":2,"name":"EMPRESA"}]},{"@type":"WebSite","@id":"https:\/\/quintincertifications.com\/es\/#website","url":"https:\/\/quintincertifications.com\/es\/","name":"QUINTIN CERTIFICATIONS - NOTIFIED BODY CE 2927","description":"PPE notified body and anchor devices certification.","publisher":{"@id":"https:\/\/quintincertifications.com\/es\/#organization"},"potentialAction":[{"@type":"SearchAction","target":{"@type":"EntryPoint","urlTemplate":"https:\/\/quintincertifications.com\/es\/?s={search_term_string}"},"query-input":{"@type":"PropertyValueSpecification","valueRequired":true,"valueName":"search_term_string"}}],"inLanguage":"es"},{"@type":"Organization","@id":"https:\/\/quintincertifications.com\/es\/#organization","name":"Quintin Certifications","url":"https:\/\/quintincertifications.com\/es\/","logo":{"@type":"ImageObject","inLanguage":"es","@id":"https:\/\/quintincertifications.com\/es\/#\/schema\/logo\/image\/","url":"http:\/\/quintincertifications.com\/wp-content\/uploads\/2022\/03\/logo-quintin-certifications-hd.png","contentUrl":"http:\/\/quintincertifications.com\/wp-content\/uploads\/2022\/03\/logo-quintin-certifications-hd.png","width":114,"height":114,"caption":"Quintin Certifications"},"image":{"@id":"https:\/\/quintincertifications.com\/es\/#\/schema\/logo\/image\/"},"sameAs":["https:\/\/www.linkedin.com\/company\/14018832","https:\/\/www.youtube.com\/@quintincertificcations7133"]}]}},"_links":{"self":[{"href":"https:\/\/quintincertifications.com\/es\/wp-json\/wp\/v2\/pages\/51862","targetHints":{"allow":["GET"]}}],"collection":[{"href":"https:\/\/quintincertifications.com\/es\/wp-json\/wp\/v2\/pages"}],"about":[{"href":"https:\/\/quintincertifications.com\/es\/wp-json\/wp\/v2\/types\/page"}],"author":[{"embeddable":true,"href":"https:\/\/quintincertifications.com\/es\/wp-json\/wp\/v2\/users\/1"}],"replies":[{"embeddable":true,"href":"https:\/\/quintincertifications.com\/es\/wp-json\/wp\/v2\/comments?post=51862"}],"version-history":[{"count":2,"href":"https:\/\/quintincertifications.com\/es\/wp-json\/wp\/v2\/pages\/51862\/revisions"}],"predecessor-version":[{"id":52826,"href":"https:\/\/quintincertifications.com\/es\/wp-json\/wp\/v2\/pages\/51862\/revisions\/52826"}],"wp:attachment":[{"href":"https:\/\/quintincertifications.com\/es\/wp-json\/wp\/v2\/media?parent=51862"}],"curies":[{"name":"wp","href":"https:\/\/api.w.org\/{rel}","templated":true}]}}